{"id":5803,"date":"2023-05-18T14:38:33","date_gmt":"2023-05-18T13:38:33","guid":{"rendered":"https:\/\/applelivingstore.com\/?post_type=product&#038;p=5803"},"modified":"2025-08-28T18:30:22","modified_gmt":"2025-08-28T17:30:22","slug":"apple-watch-series-8-gps-2","status":"publish","type":"product","link":"https:\/\/applelivingstore.com\/index.php\/produit\/apple-watch-series-8-gps-2\/","title":{"rendered":"Apple Watch Series 8"},"content":{"rendered":"","protected":false},"excerpt":{"rendered":"<ul>\n<li>Des fonctions de s\u00e9curit\u00e9 avanc\u00e9es, comme la d\u00e9tection des chutes, la d\u00e9tection des collisions et Urgence SOS (n\u00e9cessite une connexion cellulaire ou la t\u00e9l\u00e9phonie Wi-Fi avec une connexion Internet depuis votre Apple Watch ou votre iPhone \u00e0 proximit\u00e9)<\/li>\n<li>Appelez, textez et envoyez des courriels en quelques touchers<\/li>\n<\/ul>\n","protected":false},"featured_media":6751,"comment_status":"open","ping_status":"closed","template":"","meta":{"_acf_changed":false},"product_brand":[],"product_cat":[234,237],"product_tag":[],"class_list":{"0":"post-5803","1":"product","2":"type-product","3":"status-publish","4":"has-post-thumbnail","6":"product_cat-accessoires_autres","7":"product_cat-apple_watch","9":"first","10":"instock","11":"shipping-taxable","12":"purchasable","13":"product-type-simple"},"acf":[],"jetpack_sharing_enabled":true,"_links":{"self":[{"href":"https:\/\/applelivingstore.com\/index.php\/wp-json\/wp\/v2\/product\/5803","targetHints":{"allow":["GET"]}}],"collection":[{"href":"https:\/\/applelivingstore.com\/index.php\/wp-json\/wp\/v2\/product"}],"about":[{"href":"https:\/\/applelivingstore.com\/index.php\/wp-json\/wp\/v2\/types\/product"}],"replies":[{"embeddable":true,"href":"https:\/\/applelivingstore.com\/index.php\/wp-json\/wp\/v2\/comments?post=5803"}],"wp:featuredmedia":[{"embeddable":true,"href":"https:\/\/applelivingstore.com\/index.php\/wp-json\/wp\/v2\/media\/6751"}],"wp:attachment":[{"href":"https:\/\/applelivingstore.com\/index.php\/wp-json\/wp\/v2\/media?parent=5803"}],"wp:term":[{"taxonomy":"product_brand","embeddable":true,"href":"https:\/\/applelivingstore.com\/index.php\/wp-json\/wp\/v2\/product_brand?post=5803"},{"taxonomy":"product_cat","embeddable":true,"href":"https:\/\/applelivingstore.com\/index.php\/wp-json\/wp\/v2\/product_cat?post=5803"},{"taxonomy":"product_tag","embeddable":true,"href":"https:\/\/applelivingstore.com\/index.php\/wp-json\/wp\/v2\/product_tag?post=5803"}],"curies":[{"name":"wp","href":"https:\/\/api.w.org\/{rel}","templated":true}]}}