{"id":5815,"date":"2023-05-18T15:29:23","date_gmt":"2023-05-18T14:29:23","guid":{"rendered":"https:\/\/applelivingstore.com\/?post_type=product&#038;p=5815"},"modified":"2025-08-28T17:16:34","modified_gmt":"2025-08-28T16:16:34","slug":"airpods-3eme-generation","status":"publish","type":"product","link":"https:\/\/applelivingstore.com\/index.php\/produit\/airpods-3eme-generation\/","title":{"rendered":"AirPods 3eme g\u00e9n\u00e9ration"},"content":{"rendered":"","protected":false},"excerpt":{"rendered":"<p>\u2022 Peut pr\u00e9senter des d\u00e9fauts esth\u00e9tiques, comme une \u00e9gratignure sur le corps du produit (mais pas sur l&#8217;\u00e9cran). Tout d\u00e9faut esth\u00e9tique possible n&#8217;aura aucune incidence sur la fonctionnalit\u00e9 du produit.<\/p>\n","protected":false},"featured_media":5817,"comment_status":"open","ping_status":"closed","template":"","meta":{"_acf_changed":false},"product_brand":[],"product_cat":[234,238],"product_tag":[],"class_list":{"0":"post-5815","1":"product","2":"type-product","3":"status-publish","4":"has-post-thumbnail","6":"product_cat-accessoires_autres","7":"product_cat-airpods","9":"first","10":"instock","11":"shipping-taxable","12":"purchasable","13":"product-type-simple"},"acf":[],"jetpack_sharing_enabled":true,"_links":{"self":[{"href":"https:\/\/applelivingstore.com\/index.php\/wp-json\/wp\/v2\/product\/5815","targetHints":{"allow":["GET"]}}],"collection":[{"href":"https:\/\/applelivingstore.com\/index.php\/wp-json\/wp\/v2\/product"}],"about":[{"href":"https:\/\/applelivingstore.com\/index.php\/wp-json\/wp\/v2\/types\/product"}],"replies":[{"embeddable":true,"href":"https:\/\/applelivingstore.com\/index.php\/wp-json\/wp\/v2\/comments?post=5815"}],"wp:featuredmedia":[{"embeddable":true,"href":"https:\/\/applelivingstore.com\/index.php\/wp-json\/wp\/v2\/media\/5817"}],"wp:attachment":[{"href":"https:\/\/applelivingstore.com\/index.php\/wp-json\/wp\/v2\/media?parent=5815"}],"wp:term":[{"taxonomy":"product_brand","embeddable":true,"href":"https:\/\/applelivingstore.com\/index.php\/wp-json\/wp\/v2\/product_brand?post=5815"},{"taxonomy":"product_cat","embeddable":true,"href":"https:\/\/applelivingstore.com\/index.php\/wp-json\/wp\/v2\/product_cat?post=5815"},{"taxonomy":"product_tag","embeddable":true,"href":"https:\/\/applelivingstore.com\/index.php\/wp-json\/wp\/v2\/product_tag?post=5815"}],"curies":[{"name":"wp","href":"https:\/\/api.w.org\/{rel}","templated":true}]}}