{"id":5852,"date":"2023-05-18T18:04:02","date_gmt":"2023-05-18T17:04:02","guid":{"rendered":"https:\/\/applelivingstore.com\/?post_type=product&#038;p=5852"},"modified":"2023-05-21T12:59:56","modified_gmt":"2023-05-21T11:59:56","slug":"bloc-piles-iphone-magsafe-dapple","status":"publish","type":"product","link":"https:\/\/applelivingstore.com\/index.php\/produit\/bloc-piles-iphone-magsafe-dapple\/","title":{"rendered":"Bloc-piles iPhone MagSafe d\u2019Apple"},"content":{"rendered":"","protected":false},"excerpt":{"rendered":"<p>Votre t\u00e9l\u00e9phone intelligent d\u2019Apple ne manque jamais de batterie, m\u00eame lorsque vous \u00eates en d\u00e9placement, gr\u00e2ce \u00e0 la batterie externe MagSafe d\u2019Apple. Aliment\u00e9 par une batterie au lithium-ion de 2920 mAh, il offre des capacit\u00e9s de recharge sans fil \u00e0 haute vitesse. Ce mod\u00e8le \u00e9l\u00e9gant et compact est incroyablement facile \u00e0 transporter. Des aimants parfaitement align\u00e9s se fixent solidement \u00e0 votre t\u00e9l\u00e9phone intelligent en un clin d\u2019oeil pour faciliter le transport.<\/p>\n","protected":false},"featured_media":5854,"comment_status":"open","ping_status":"closed","template":"","meta":{"_acf_changed":false},"product_brand":[],"product_cat":[234,240],"product_tag":[],"class_list":{"0":"post-5852","1":"product","2":"type-product","3":"status-publish","4":"has-post-thumbnail","6":"product_cat-accessoires_autres","7":"product_cat-magsafe","9":"first","10":"instock","11":"shipping-taxable","12":"purchasable","13":"product-type-simple"},"acf":[],"jetpack_sharing_enabled":true,"_links":{"self":[{"href":"https:\/\/applelivingstore.com\/index.php\/wp-json\/wp\/v2\/product\/5852","targetHints":{"allow":["GET"]}}],"collection":[{"href":"https:\/\/applelivingstore.com\/index.php\/wp-json\/wp\/v2\/product"}],"about":[{"href":"https:\/\/applelivingstore.com\/index.php\/wp-json\/wp\/v2\/types\/product"}],"replies":[{"embeddable":true,"href":"https:\/\/applelivingstore.com\/index.php\/wp-json\/wp\/v2\/comments?post=5852"}],"wp:featuredmedia":[{"embeddable":true,"href":"https:\/\/applelivingstore.com\/index.php\/wp-json\/wp\/v2\/media\/5854"}],"wp:attachment":[{"href":"https:\/\/applelivingstore.com\/index.php\/wp-json\/wp\/v2\/media?parent=5852"}],"wp:term":[{"taxonomy":"product_brand","embeddable":true,"href":"https:\/\/applelivingstore.com\/index.php\/wp-json\/wp\/v2\/product_brand?post=5852"},{"taxonomy":"product_cat","embeddable":true,"href":"https:\/\/applelivingstore.com\/index.php\/wp-json\/wp\/v2\/product_cat?post=5852"},{"taxonomy":"product_tag","embeddable":true,"href":"https:\/\/applelivingstore.com\/index.php\/wp-json\/wp\/v2\/product_tag?post=5852"}],"curies":[{"name":"wp","href":"https:\/\/api.w.org\/{rel}","templated":true}]}}