{"id":5895,"date":"2023-05-18T20:21:25","date_gmt":"2023-05-18T19:21:25","guid":{"rendered":"https:\/\/applelivingstore.com\/?post_type=product&#038;p=5895"},"modified":"2025-08-28T19:03:37","modified_gmt":"2025-08-28T18:03:37","slug":"dualsense-ps5-a-boite-ouverte","status":"publish","type":"product","link":"https:\/\/applelivingstore.com\/index.php\/produit\/dualsense-ps5-a-boite-ouverte\/","title":{"rendered":"DualSense PS5 \u00e0 bo\u00eete ouverte"},"content":{"rendered":"","protected":false},"excerpt":{"rendered":"<p>Profitez d\u2019un design confortable et \u00e9volu\u00e9 avec une disposition embl\u00e9matique et des manches am\u00e9lior\u00e9s<\/p>\n<p>\u2022 Recharge et joue avec une batterie int\u00e9gr\u00e9e et un port USB de type C.<\/p>\n<p>\u2022 Le capteur de mouvement int\u00e9gr\u00e9 vous permet d\u2019interagir intuitivement avec certains jeux<\/p>\n<p>\u2022 Le haut-parleur int\u00e9gr\u00e9 produit des effets sonores haute fid\u00e9lit\u00e9 sur la manette dans les jeux pris en charge<\/p>\n","protected":false},"featured_media":6784,"comment_status":"open","ping_status":"closed","template":"","meta":{"_acf_changed":false},"product_brand":[],"product_cat":[233,248],"product_tag":[],"class_list":{"0":"post-5895","1":"product","2":"type-product","3":"status-publish","4":"has-post-thumbnail","6":"product_cat-jeux","7":"product_cat-accessoires","9":"first","10":"instock","11":"shipping-taxable","12":"purchasable","13":"product-type-simple"},"acf":[],"jetpack_sharing_enabled":true,"_links":{"self":[{"href":"https:\/\/applelivingstore.com\/index.php\/wp-json\/wp\/v2\/product\/5895","targetHints":{"allow":["GET"]}}],"collection":[{"href":"https:\/\/applelivingstore.com\/index.php\/wp-json\/wp\/v2\/product"}],"about":[{"href":"https:\/\/applelivingstore.com\/index.php\/wp-json\/wp\/v2\/types\/product"}],"replies":[{"embeddable":true,"href":"https:\/\/applelivingstore.com\/index.php\/wp-json\/wp\/v2\/comments?post=5895"}],"wp:featuredmedia":[{"embeddable":true,"href":"https:\/\/applelivingstore.com\/index.php\/wp-json\/wp\/v2\/media\/6784"}],"wp:attachment":[{"href":"https:\/\/applelivingstore.com\/index.php\/wp-json\/wp\/v2\/media?parent=5895"}],"wp:term":[{"taxonomy":"product_brand","embeddable":true,"href":"https:\/\/applelivingstore.com\/index.php\/wp-json\/wp\/v2\/product_brand?post=5895"},{"taxonomy":"product_cat","embeddable":true,"href":"https:\/\/applelivingstore.com\/index.php\/wp-json\/wp\/v2\/product_cat?post=5895"},{"taxonomy":"product_tag","embeddable":true,"href":"https:\/\/applelivingstore.com\/index.php\/wp-json\/wp\/v2\/product_tag?post=5895"}],"curies":[{"name":"wp","href":"https:\/\/api.w.org\/{rel}","templated":true}]}}