{"id":6098,"date":"2023-05-20T23:40:18","date_gmt":"2023-05-20T22:40:18","guid":{"rendered":"https:\/\/applelivingstore.com\/?post_type=product&#038;p=6098"},"modified":"2025-08-28T14:24:16","modified_gmt":"2025-08-28T13:24:16","slug":"iphone-11-pro-256-go-venus","status":"publish","type":"product","link":"https:\/\/applelivingstore.com\/index.php\/produit\/iphone-11-pro-256-go-venus\/","title":{"rendered":"iPhone 11 pro  256 Go  (venus)"},"content":{"rendered":"","protected":false},"excerpt":{"rendered":"<ul>\n<li>\u00a0Prenez des photos et des vid\u00e9os incroyables avec les appareils photo ultra-larges, grand-angle et t\u00e9l\u00e9objectifs. Saisissez vos meilleures photos en conditions de faible \u00e9clairage avec le mode nuit. Regardez des films et des \u00e9missions en HDR sur l\u2019\u00e9cran Super Retina XDR : l\u2019\u00e9cran iPhone le plus lumineux \u00e0 ce jour. Profitez d\u2019une performance sans pr\u00e9c\u00e9dent avec A13 Bionic pour le jeu, la r\u00e9alit\u00e9 augment\u00e9e et la photographie. Obtenez un nouveau niveau de r\u00e9sistance \u00e0 l\u2019eau. Le tout dans le premier iPhone assez puissant pour \u00eatre appel\u00e9 Pro. \u25cf \u00e9cran DELO Super Retina XDR de 5.8 po \u25cf r\u00e9sistant \u00e0 l\u2019eau et \u00e0 la poussi\u00e8re (4 m pendant 30 minutes, IP68) \u25cf syst\u00e8me \u00e0 trois cam\u00e9ras de 12 Mpx ultra grand-angle, grand-angle et t\u00e9l\u00e9objectif; mode nuit, mode portrait, Et des vid\u00e9os 4K jusqu\u2019\u00e0 60 images\/s \u25cf cam\u00e9ra avant TrueDepth de 12 Mpx avec mode Portrait, vid\u00e9o 4K, Et la SLO-Mo \u25cf l\u2019identification du visage pour une authentification s\u00e9curis\u00e9e et la puce Apple Pay \u25cf puce A13 Bionic avec moteur neural de troisi\u00e8me g\u00e9n\u00e9ration \u25cf recharge rapide avec adaptateur de 18 W inclus \u25cf recharge sans fil<\/li>\n<\/ul>\n","protected":false},"featured_media":6409,"comment_status":"open","ping_status":"closed","template":"","meta":{"_acf_changed":false},"product_brand":[],"product_cat":[230,260],"product_tag":[],"class_list":{"0":"post-6098","1":"product","2":"type-product","3":"status-publish","4":"has-post-thumbnail","6":"product_cat-iphones","7":"product_cat-iphone_11_pro","9":"first","10":"instock","11":"sale","12":"shipping-taxable","13":"purchasable","14":"product-type-simple"},"acf":[],"jetpack_sharing_enabled":true,"_links":{"self":[{"href":"https:\/\/applelivingstore.com\/index.php\/wp-json\/wp\/v2\/product\/6098","targetHints":{"allow":["GET"]}}],"collection":[{"href":"https:\/\/applelivingstore.com\/index.php\/wp-json\/wp\/v2\/product"}],"about":[{"href":"https:\/\/applelivingstore.com\/index.php\/wp-json\/wp\/v2\/types\/product"}],"replies":[{"embeddable":true,"href":"https:\/\/applelivingstore.com\/index.php\/wp-json\/wp\/v2\/comments?post=6098"}],"wp:featuredmedia":[{"embeddable":true,"href":"https:\/\/applelivingstore.com\/index.php\/wp-json\/wp\/v2\/media\/6409"}],"wp:attachment":[{"href":"https:\/\/applelivingstore.com\/index.php\/wp-json\/wp\/v2\/media?parent=6098"}],"wp:term":[{"taxonomy":"product_brand","embeddable":true,"href":"https:\/\/applelivingstore.com\/index.php\/wp-json\/wp\/v2\/product_brand?post=6098"},{"taxonomy":"product_cat","embeddable":true,"href":"https:\/\/applelivingstore.com\/index.php\/wp-json\/wp\/v2\/product_cat?post=6098"},{"taxonomy":"product_tag","embeddable":true,"href":"https:\/\/applelivingstore.com\/index.php\/wp-json\/wp\/v2\/product_tag?post=6098"}],"curies":[{"name":"wp","href":"https:\/\/api.w.org\/{rel}","templated":true}]}}