{"id":6107,"date":"2023-05-21T00:09:09","date_gmt":"2023-05-20T23:09:09","guid":{"rendered":"https:\/\/applelivingstore.com\/?post_type=product&#038;p=6107"},"modified":"2025-09-01T15:07:46","modified_gmt":"2025-09-01T14:07:46","slug":"iphone-12-capacite-64-gb-venus-2","status":"publish","type":"product","link":"https:\/\/applelivingstore.com\/index.php\/produit\/iphone-12-capacite-64-gb-venus-2\/","title":{"rendered":"iPhone 12 (Venus)"},"content":{"rendered":"","protected":false},"excerpt":{"rendered":"<p>\u2022 \u00e9cran Super Retina XDR de 6.1 po avec r\u00e9solution de 2532 x 1170 \u00e0 460 ppp vous permettant d\u2019avoir beau jeu<\/p>\n<p>\u2022 \u00e9cran DELO int\u00e9gral avec bords en aluminium de qualit\u00e9 a\u00e9rospatiale produisant des couleurs plus vives, des noirs plus sombres et une r\u00e9solution plus \u00e9lev\u00e9e pour tout ce que vous regardez<\/p>\n<p>\u2022 l\u2019\u00e9cran HDR est rempli de caract\u00e9ristiques comme True Tone, une gamme de couleurs \u00e9tendue (P3), la capacit\u00e9 tactile haptique, un rapport de contraste typique de 2,000,000:1, une luminosit\u00e9 maximale de 625 nits (1200 nits avec HDR) et un rev\u00eatement ol\u00e9ophobe r\u00e9sistant aux traces de doigts<\/p>\n<p>Plus de puissance de traitement avec la puce A14 Bionic et iOS 14<\/p>\n","protected":false},"featured_media":6368,"comment_status":"open","ping_status":"closed","template":"","meta":{"_acf_changed":false},"product_brand":[],"product_cat":[230,262],"product_tag":[],"class_list":{"0":"post-6107","1":"product","2":"type-product","3":"status-publish","4":"has-post-thumbnail","6":"product_cat-iphones","7":"product_cat-iphone12","9":"first","10":"instock","11":"shipping-taxable","12":"purchasable","13":"product-type-variable"},"acf":[],"jetpack_sharing_enabled":true,"_links":{"self":[{"href":"https:\/\/applelivingstore.com\/index.php\/wp-json\/wp\/v2\/product\/6107","targetHints":{"allow":["GET"]}}],"collection":[{"href":"https:\/\/applelivingstore.com\/index.php\/wp-json\/wp\/v2\/product"}],"about":[{"href":"https:\/\/applelivingstore.com\/index.php\/wp-json\/wp\/v2\/types\/product"}],"replies":[{"embeddable":true,"href":"https:\/\/applelivingstore.com\/index.php\/wp-json\/wp\/v2\/comments?post=6107"}],"wp:featuredmedia":[{"embeddable":true,"href":"https:\/\/applelivingstore.com\/index.php\/wp-json\/wp\/v2\/media\/6368"}],"wp:attachment":[{"href":"https:\/\/applelivingstore.com\/index.php\/wp-json\/wp\/v2\/media?parent=6107"}],"wp:term":[{"taxonomy":"product_brand","embeddable":true,"href":"https:\/\/applelivingstore.com\/index.php\/wp-json\/wp\/v2\/product_brand?post=6107"},{"taxonomy":"product_cat","embeddable":true,"href":"https:\/\/applelivingstore.com\/index.php\/wp-json\/wp\/v2\/product_cat?post=6107"},{"taxonomy":"product_tag","embeddable":true,"href":"https:\/\/applelivingstore.com\/index.php\/wp-json\/wp\/v2\/product_tag?post=6107"}],"curies":[{"name":"wp","href":"https:\/\/api.w.org\/{rel}","templated":true}]}}