{"id":6122,"date":"2023-05-21T00:22:25","date_gmt":"2023-05-20T23:22:25","guid":{"rendered":"https:\/\/applelivingstore.com\/?post_type=product&#038;p=6122"},"modified":"2025-09-01T14:47:13","modified_gmt":"2025-09-01T13:47:13","slug":"iphone-12-pro-max-capacite-512-gb-venus-2","status":"publish","type":"product","link":"https:\/\/applelivingstore.com\/index.php\/produit\/iphone-12-pro-max-capacite-512-gb-venus-2\/","title":{"rendered":"iPhone 12 Pro Max (Venus)"},"content":{"rendered":"","protected":false},"excerpt":{"rendered":"<p>\u2022\u00e9cran Super Retina XDR de 6.1 po avec r\u00e9solution de 2532 x 1170 \u00e0 460 ppp vous transporte au bord\u2022la technologie DELO \u00e0 \u00e9cran int\u00e9gral avec bords en acier inoxydable de qualit\u00e9 chirurgicale pour des couleurs plus vives, des noirs plus sombres, Et une r\u00e9solution plus \u00e9lev\u00e9e pour tout ce que vous regardez\u2022l\u2019\u00e9cran HDR est rempli de caract\u00e9ristiques comme True Tone, une gamme de couleurs \u00e9tendue (P3), le toucher haptique, un rapport de contraste typique de 2,000,000:1, une luminosit\u00e9 maximale de 800 nits (1200 nits avec HDR), La puissance de traitement ol\u00e9ophobe r\u00e9sistant aux traces de doigts gr\u00e2ce \u00e0 la puce A14 Bionic et au stockage int\u00e9gr\u00e9 iOS 14<\/p>\n","protected":false},"featured_media":6364,"comment_status":"open","ping_status":"closed","template":"","meta":{"_acf_changed":false},"product_brand":[],"product_cat":[230,264],"product_tag":[],"class_list":{"0":"post-6122","1":"product","2":"type-product","3":"status-publish","4":"has-post-thumbnail","6":"product_cat-iphones","7":"product_cat-iphone12promax","9":"first","10":"instock","11":"shipping-taxable","12":"purchasable","13":"product-type-variable"},"acf":[],"jetpack_sharing_enabled":true,"_links":{"self":[{"href":"https:\/\/applelivingstore.com\/index.php\/wp-json\/wp\/v2\/product\/6122","targetHints":{"allow":["GET"]}}],"collection":[{"href":"https:\/\/applelivingstore.com\/index.php\/wp-json\/wp\/v2\/product"}],"about":[{"href":"https:\/\/applelivingstore.com\/index.php\/wp-json\/wp\/v2\/types\/product"}],"replies":[{"embeddable":true,"href":"https:\/\/applelivingstore.com\/index.php\/wp-json\/wp\/v2\/comments?post=6122"}],"wp:featuredmedia":[{"embeddable":true,"href":"https:\/\/applelivingstore.com\/index.php\/wp-json\/wp\/v2\/media\/6364"}],"wp:attachment":[{"href":"https:\/\/applelivingstore.com\/index.php\/wp-json\/wp\/v2\/media?parent=6122"}],"wp:term":[{"taxonomy":"product_brand","embeddable":true,"href":"https:\/\/applelivingstore.com\/index.php\/wp-json\/wp\/v2\/product_brand?post=6122"},{"taxonomy":"product_cat","embeddable":true,"href":"https:\/\/applelivingstore.com\/index.php\/wp-json\/wp\/v2\/product_cat?post=6122"},{"taxonomy":"product_tag","embeddable":true,"href":"https:\/\/applelivingstore.com\/index.php\/wp-json\/wp\/v2\/product_tag?post=6122"}],"curies":[{"name":"wp","href":"https:\/\/api.w.org\/{rel}","templated":true}]}}