{"id":6126,"date":"2023-05-21T00:40:52","date_gmt":"2023-05-20T23:40:52","guid":{"rendered":"https:\/\/applelivingstore.com\/?post_type=product&#038;p=6126"},"modified":"2025-08-29T00:53:51","modified_gmt":"2025-08-28T23:53:51","slug":"iphone-13-pro-de-128-go","status":"publish","type":"product","link":"https:\/\/applelivingstore.com\/index.php\/produit\/iphone-13-pro-de-128-go\/","title":{"rendered":"iPhone 13 Pro de 128 Go (venus)"},"content":{"rendered":"","protected":false},"excerpt":{"rendered":"<p>Diffusion de la lumi\u00e8re in\u00e9gale, \u00e9raflures subtiles et microrayures sur l&#8217;\u00e9cran &#8211; non visibles lorsque l&#8217;\u00e9cran est allum\u00e9.<\/p>\n<p>\u00b7 Comprend tous les accessoires requis.<\/p>\n<p>\u00b7 Comprend une garantie minimale de 90 jours.<\/p>\n<p>\u00b7 Offert dans un emballage g\u00e9n\u00e9rique.<\/p>\n<p>\u00b7 Peut \u00eatre admissible \u00e0 un retour. Consultez l\u2019onglet Politique de retour pour plus de d\u00e9tails.<\/p>\n<p>\u00c9cran magnifique<\/p>\n<p>\u00b7 \u00c9cran Super Retina XDR d\u20196,1 po avec promotion pour une sensation plus rapide et plus r\u00e9active<\/p>\n<p>\u00b7 La technologie DELO \u00e0 \u00e9cran int\u00e9gral avec bords en acier inoxydable de qualit\u00e9 chirurgicale offre des couleurs plus vives, des noirs plus profonds et une r\u00e9solution plus \u00e9lev\u00e9e<\/p>\n","protected":false},"featured_media":6412,"comment_status":"open","ping_status":"closed","template":"","meta":{"_acf_changed":false},"product_brand":[],"product_cat":[230,266],"product_tag":[],"class_list":{"0":"post-6126","1":"product","2":"type-product","3":"status-publish","4":"has-post-thumbnail","6":"product_cat-iphones","7":"product_cat-iphone13-iphones","9":"first","10":"instock","11":"shipping-taxable","12":"purchasable","13":"product-type-variable"},"acf":[],"jetpack_sharing_enabled":true,"_links":{"self":[{"href":"https:\/\/applelivingstore.com\/index.php\/wp-json\/wp\/v2\/product\/6126","targetHints":{"allow":["GET"]}}],"collection":[{"href":"https:\/\/applelivingstore.com\/index.php\/wp-json\/wp\/v2\/product"}],"about":[{"href":"https:\/\/applelivingstore.com\/index.php\/wp-json\/wp\/v2\/types\/product"}],"replies":[{"embeddable":true,"href":"https:\/\/applelivingstore.com\/index.php\/wp-json\/wp\/v2\/comments?post=6126"}],"wp:featuredmedia":[{"embeddable":true,"href":"https:\/\/applelivingstore.com\/index.php\/wp-json\/wp\/v2\/media\/6412"}],"wp:attachment":[{"href":"https:\/\/applelivingstore.com\/index.php\/wp-json\/wp\/v2\/media?parent=6126"}],"wp:term":[{"taxonomy":"product_brand","embeddable":true,"href":"https:\/\/applelivingstore.com\/index.php\/wp-json\/wp\/v2\/product_brand?post=6126"},{"taxonomy":"product_cat","embeddable":true,"href":"https:\/\/applelivingstore.com\/index.php\/wp-json\/wp\/v2\/product_cat?post=6126"},{"taxonomy":"product_tag","embeddable":true,"href":"https:\/\/applelivingstore.com\/index.php\/wp-json\/wp\/v2\/product_tag?post=6126"}],"curies":[{"name":"wp","href":"https:\/\/api.w.org\/{rel}","templated":true}]}}