{"id":6169,"date":"2023-05-21T11:42:03","date_gmt":"2023-05-21T10:42:03","guid":{"rendered":"https:\/\/applelivingstore.com\/?post_type=product&#038;p=6169"},"modified":"2025-08-29T00:07:03","modified_gmt":"2025-08-28T23:07:03","slug":"iphone-14-pro-de-256-go-sim-physique-neuf","status":"publish","type":"product","link":"https:\/\/applelivingstore.com\/index.php\/produit\/iphone-14-pro-de-256-go-sim-physique-neuf\/","title":{"rendered":"iPhone 14 Pro (Venu)"},"content":{"rendered":"","protected":false},"excerpt":{"rendered":"<ul>\n<li>L&#8217;\u00e9cran Super Retina XDR de 6,1 po offre les modes d&#8217;\u00e9cran AOD et de ProMotion pour une sensation plus r\u00e9active<\/li>\n<li>Le mode cin\u00e9matique Dolby Vision 4K offre des vid\u00e9os claires \u00e0 30 images par seconde<\/li>\n<li>Le mode action permet un enregistrement vid\u00e9o portatif plus fluide et plus stable<\/li>\n<\/ul>\n<p><strong>S\u00e9curitaire et pratique<\/strong><\/p>\n<ul>\n<li>Dynamic Island offre un moyen facile d&#8217;interagir avec les applications en cours d&#8217;ex\u00e9cution<\/li>\n<li>Les fonctions d&#8217;Urgence SOS par satellite et de d\u00e9tection d&#8217;accident assurent la s\u00e9curit\u00e9 (le service d&#8217;urgence SOS est inclus gratuitement pendant 2 ans)<\/li>\n<li>Ce protecteur en c\u00e9ramique durable r\u00e9siste aux \u00e9claboussures, \u00e0 l&#8217;eau et \u00e0 la poussi\u00e8re et prot\u00e8ge votre t\u00e9l\u00e9phone au quotidien<\/li>\n<li>La batterie dure toute la journ\u00e9e, ce qui r\u00e9duit le nombre de sessions de chargement, et une charge compl\u00e8te offre jusqu&#8217;\u00e0 29 heures de lecture vid\u00e9o<\/li>\n<\/ul>\n","protected":false},"featured_media":6366,"comment_status":"open","ping_status":"closed","template":"","meta":{"_acf_changed":false},"product_brand":[],"product_cat":[230,269],"product_tag":[],"class_list":{"0":"post-6169","1":"product","2":"type-product","3":"status-publish","4":"has-post-thumbnail","6":"product_cat-iphones","7":"product_cat-iphone14pro","9":"first","10":"instock","11":"featured","12":"shipping-taxable","13":"purchasable","14":"product-type-variable"},"acf":[],"jetpack_sharing_enabled":true,"_links":{"self":[{"href":"https:\/\/applelivingstore.com\/index.php\/wp-json\/wp\/v2\/product\/6169","targetHints":{"allow":["GET"]}}],"collection":[{"href":"https:\/\/applelivingstore.com\/index.php\/wp-json\/wp\/v2\/product"}],"about":[{"href":"https:\/\/applelivingstore.com\/index.php\/wp-json\/wp\/v2\/types\/product"}],"replies":[{"embeddable":true,"href":"https:\/\/applelivingstore.com\/index.php\/wp-json\/wp\/v2\/comments?post=6169"}],"wp:featuredmedia":[{"embeddable":true,"href":"https:\/\/applelivingstore.com\/index.php\/wp-json\/wp\/v2\/media\/6366"}],"wp:attachment":[{"href":"https:\/\/applelivingstore.com\/index.php\/wp-json\/wp\/v2\/media?parent=6169"}],"wp:term":[{"taxonomy":"product_brand","embeddable":true,"href":"https:\/\/applelivingstore.com\/index.php\/wp-json\/wp\/v2\/product_brand?post=6169"},{"taxonomy":"product_cat","embeddable":true,"href":"https:\/\/applelivingstore.com\/index.php\/wp-json\/wp\/v2\/product_cat?post=6169"},{"taxonomy":"product_tag","embeddable":true,"href":"https:\/\/applelivingstore.com\/index.php\/wp-json\/wp\/v2\/product_tag?post=6169"}],"curies":[{"name":"wp","href":"https:\/\/api.w.org\/{rel}","templated":true}]}}