{"id":6172,"date":"2023-05-21T11:44:51","date_gmt":"2023-05-21T10:44:51","guid":{"rendered":"https:\/\/applelivingstore.com\/?post_type=product&#038;p=6172"},"modified":"2025-08-28T13:51:04","modified_gmt":"2025-08-28T12:51:04","slug":"iphone-14-256go-sim-physique-venus","status":"publish","type":"product","link":"https:\/\/applelivingstore.com\/index.php\/produit\/iphone-14-256go-sim-physique-venus\/","title":{"rendered":"iPhone 14 Pro Max"},"content":{"rendered":"","protected":false},"excerpt":{"rendered":"<ul>\n<li>\u00c9cran Super Retina XDR de 6,7 po<\/li>\n<li>Puce A15 Bionic avec processeur graphique \u00e0 5 coeurs pour une performance ultrarapide. Connectivit\u00e9 cellulaire 5G vite comme l&#8217;\u00e9clair.(forfait de donn\u00e9es requis)<\/li>\n<li>Autonomie de batterie qui dure toute la journ\u00e9e et jusqu&#8217;\u00e0 26 heures de lecture vid\u00e9o<\/li>\n<li>Caract\u00e9ristiques de durabilit\u00e9 de pointe avec Ceramic Shield et r\u00e9sistance \u00e0 l&#8217;eau<\/li>\n<li>IOS 16 offre encore plus de fa\u00e7ons de personnaliser, de communiquer et de partager<\/li>\n<\/ul>\n","protected":false},"featured_media":6367,"comment_status":"open","ping_status":"closed","template":"","meta":{"_acf_changed":false},"product_brand":[],"product_cat":[270],"product_tag":[],"class_list":{"0":"post-6172","1":"product","2":"type-product","3":"status-publish","4":"has-post-thumbnail","6":"product_cat-iphone14max","8":"first","9":"instock","10":"shipping-taxable","11":"purchasable","12":"product-type-variable"},"acf":[],"jetpack_sharing_enabled":true,"_links":{"self":[{"href":"https:\/\/applelivingstore.com\/index.php\/wp-json\/wp\/v2\/product\/6172","targetHints":{"allow":["GET"]}}],"collection":[{"href":"https:\/\/applelivingstore.com\/index.php\/wp-json\/wp\/v2\/product"}],"about":[{"href":"https:\/\/applelivingstore.com\/index.php\/wp-json\/wp\/v2\/types\/product"}],"replies":[{"embeddable":true,"href":"https:\/\/applelivingstore.com\/index.php\/wp-json\/wp\/v2\/comments?post=6172"}],"wp:featuredmedia":[{"embeddable":true,"href":"https:\/\/applelivingstore.com\/index.php\/wp-json\/wp\/v2\/media\/6367"}],"wp:attachment":[{"href":"https:\/\/applelivingstore.com\/index.php\/wp-json\/wp\/v2\/media?parent=6172"}],"wp:term":[{"taxonomy":"product_brand","embeddable":true,"href":"https:\/\/applelivingstore.com\/index.php\/wp-json\/wp\/v2\/product_brand?post=6172"},{"taxonomy":"product_cat","embeddable":true,"href":"https:\/\/applelivingstore.com\/index.php\/wp-json\/wp\/v2\/product_cat?post=6172"},{"taxonomy":"product_tag","embeddable":true,"href":"https:\/\/applelivingstore.com\/index.php\/wp-json\/wp\/v2\/product_tag?post=6172"}],"curies":[{"name":"wp","href":"https:\/\/api.w.org\/{rel}","templated":true}]}}