{"id":6900,"date":"2025-09-10T19:44:35","date_gmt":"2025-09-10T18:44:35","guid":{"rendered":"https:\/\/applelivingstore.com\/?post_type=product&#038;p=6900"},"modified":"2025-09-10T19:56:49","modified_gmt":"2025-09-10T18:56:49","slug":"iphone-17","status":"publish","type":"product","link":"https:\/\/applelivingstore.com\/index.php\/produit\/iphone-17\/","title":{"rendered":"iPhone 17"},"content":{"rendered":"<p>L\u2019iPhone 17 marque une \u00e9volution douce mais efficace du mod\u00e8le pr\u00e9c\u00e9dent. Il embarque un \u00e9cran OLED de 6,3 pouces avec technologie ProMotion \u00e0 120 Hz, une luminosit\u00e9 record de 3 000 nits et une r\u00e9sistance accrue gr\u00e2ce au Ceramic Shield 2. C\u00f4t\u00e9 photo, il propose un double capteur arri\u00e8re Fusion de 48 MP et une cam\u00e9ra frontale Center Stage de 18 MP, id\u00e9ale pour les selfies et appels vid\u00e9o. Sous le capot, la puce A19 grav\u00e9e en 3 nm booste les performances et l\u2019intelligence embarqu\u00e9e. L\u2019autonomie atteint jusqu\u2019\u00e0 30 heures de lecture vid\u00e9o, et le stockage d\u00e9bute d\u00e9sormais \u00e0 256 Go. Disponible en cinq coloris \u00e9l\u00e9gants, il est propos\u00e9 \u00e0 partir de 836.000F CFA.<\/p>\n","protected":false},"excerpt":{"rendered":"<p>L\u2019iPhone 17 marque une \u00e9volution douce mais efficace du mod\u00e8le pr\u00e9c\u00e9dent. Il embarque un \u00e9cran OLED de 6,3 pouces avec technologie ProMotion \u00e0 120 Hz, une luminosit\u00e9 record de 3<\/p>\n","protected":false},"featured_media":6901,"comment_status":"open","ping_status":"closed","template":"","meta":{"_acf_changed":false},"product_brand":[],"product_cat":[230,315],"product_tag":[],"class_list":{"0":"post-6900","1":"product","2":"type-product","3":"status-publish","4":"has-post-thumbnail","6":"product_cat-iphones","7":"product_cat-iphone-17","9":"first","10":"onbackorder","11":"shipping-taxable","12":"purchasable","13":"product-type-variable"},"acf":[],"jetpack_sharing_enabled":true,"_links":{"self":[{"href":"https:\/\/applelivingstore.com\/index.php\/wp-json\/wp\/v2\/product\/6900","targetHints":{"allow":["GET"]}}],"collection":[{"href":"https:\/\/applelivingstore.com\/index.php\/wp-json\/wp\/v2\/product"}],"about":[{"href":"https:\/\/applelivingstore.com\/index.php\/wp-json\/wp\/v2\/types\/product"}],"replies":[{"embeddable":true,"href":"https:\/\/applelivingstore.com\/index.php\/wp-json\/wp\/v2\/comments?post=6900"}],"wp:featuredmedia":[{"embeddable":true,"href":"https:\/\/applelivingstore.com\/index.php\/wp-json\/wp\/v2\/media\/6901"}],"wp:attachment":[{"href":"https:\/\/applelivingstore.com\/index.php\/wp-json\/wp\/v2\/media?parent=6900"}],"wp:term":[{"taxonomy":"product_brand","embeddable":true,"href":"https:\/\/applelivingstore.com\/index.php\/wp-json\/wp\/v2\/product_brand?post=6900"},{"taxonomy":"product_cat","embeddable":true,"href":"https:\/\/applelivingstore.com\/index.php\/wp-json\/wp\/v2\/product_cat?post=6900"},{"taxonomy":"product_tag","embeddable":true,"href":"https:\/\/applelivingstore.com\/index.php\/wp-json\/wp\/v2\/product_tag?post=6900"}],"curies":[{"name":"wp","href":"https:\/\/api.w.org\/{rel}","templated":true}]}}